{"id":45,"date":"2020-01-09T21:45:32","date_gmt":"2020-01-09T21:45:32","guid":{"rendered":"http:\/\/vuzk-cairn-terrier.com\/?page_id=45"},"modified":"2025-11-02T19:44:28","modified_gmt":"2025-11-02T19:44:28","slug":"ursprung-wunsch","status":"publish","type":"page","link":"https:\/\/vuzk-cairn-terrier.com\/?page_id=45","title":{"rendered":"Ursprung &#038; Wunsch"},"content":{"rendered":"<p><span style=\"font-size: 14pt;\">Cairn Terrier begleiten unsere Familie seit knapp 30 Jahren \u2013 mehr als ein Vierteljahrhundert, in dem der Wunsch \u00fcber die Jahre kontinuierlich wuchs, diese einmalige Rasse selbst einmal in ihren besten Eigenschaften zu z\u00fcchten, um f\u00fcr den gesunden und typvollen Fortbestand der Rasse aktiv mit einzustehen.<\/span><\/p>\n<p><span style=\"font-size: 14pt;\">Im Jahr 1995 zog mit Belmondo unser erster Cairn Terrier ein. Die Liebe zu diesem Hund, der alle Attribute des Cairn Terriers in sich vereinte, m\u00fcndete schnell in dem Wunsch, ihm einen vierbeinigen Begleiter als Kameraden an die Seite zu stellen.<\/span><\/p>\n<p><span style=\"font-size: 14pt;\">Mit dem Einzug von Harmony\u2018s Elvis (Ch.Glenmores Orlando Magic x Ol\u2018 Kyarnrowen\u2019s Brittany Blue) im Jahr 2000 intensivierten sich in den darauffolgenden Jahren die Einblicke in das Zucht- und Ausstellungsgeschehen der Rasse in Deutschland und Europa.<\/span><\/p>\n<p><span style=\"font-size: 14pt;\">Der Wunsch zu z\u00fcchten f\u00fchrte uns auf der Suche nach einer vielversprechenden H\u00fcndin, die Potential und Anlagen zur Zuchth\u00fcndin aufgrund ph\u00e4no -und genotypischer Vorz\u00fcge in sich vereinen sollte, im Jahr 2015 nach Polen zu Iwona Borowiecka in den Kennel Seglavi.<\/span><br \/>\n<span style=\"font-size: 14pt;\">Mit der schwedisch-polnischen Champion-Nachzucht Seglavi Total Doll (Ch. Carottails Morten x Seglavi Tower of Roses) erf\u00fcllten sich unsere W\u00fcnsche und Anspr\u00fcche. \u201eCharlotte\u201c vereint all die Eigenschaften in sich, die wir als grundlegend f\u00fcr eine z\u00fcchterische Verwendung erachten: eine interessante Abstammung, korrektes Exterieur gepaart mit femininer Eleganz, einem starken Ausdruck, eine freundliche und aufgeschlossene Art anderen Vierbeinern und Menschen gegen\u00fcber sowie ein hohes Ma\u00df an Sportivit\u00e4t. Charlotte hat den z\u00fcchterischen Grundstein gelegt. 2022 hat sich Charlotte mit sieben Jahren in den Ruhestand als Zuchth\u00fcndin begeben und genie\u00dft das Leben mit ihrer Tochter Calla und Enkelin Hilde in unserem Rudel.<\/span><\/p>\n<p><span style=\"font-size: 14pt;\">Mit dem Schutz unseres Zwingernamens \u201evon und zu Kernig\u201c durch die FCI und den VDH haben wir im Sommer 2018 auch formell den Rahmen geschaffen, um im Klub f\u00fcr Terrier e.V. gem\u00e4\u00df der geltenden Statuten Cairn Terrier z\u00fcchten zu d\u00fcrfen.<\/span><\/p>\n<p><span style=\"font-size: 14pt;\">Im Dezember 2019 fiel der erste \u201evon und zu Kernig\u201c-Wurf nach sorgf\u00e4ltiger Planung.<\/span><\/p>\n<p><span style=\"font-size: 14pt;\">Aus dem Wunsch wurde Realit\u00e4t \u2013 und aus vielen \u00dcberlegungen, Abw\u00e4gungen und der Verantwortung unseren geliebten Cairn Terriern gegen\u00fcber deutlich, dass die letzten zwei Jahrzehnte des Beobachtens, Zuh\u00f6rens, Lernens und Austausches von und mit etablierten Z\u00fcchterinnen und Z\u00fcchtern, \u00fcber Rassegrenzen hinweg, neben Fortbildungen und der einschl\u00e4gigen kynologischen Literatur, ein unerl\u00e4ssliches und gutes Fundament bilden, um den eingeschlagenen Weg mit Herz und Verstand beschreiten zu k\u00f6nnen.<\/span><\/p>\n<p><span style=\"font-size: 14pt;\">Zu unserem Rudel geh\u00f6ren mit Helene und Libelle noch Scottish Deerhound-Damen, die als langbeinige Solitaire unseren Welpen zeigen, dass es auch andere Gr\u00f6\u00dfenordnungen in der Hundewelt gibt. <\/span><\/p>\n<p><span style=\"font-size: 14pt;\">Die Liebe zu den robusten und unkompliziert-vielseitigen schottischen Cairn Terriern ist die Grundlage unserer Hobbyzucht. Wir legen dabei vorrangig ein Auge auf Gesundheit, ausgeglichene lustige Charaktere der Eltern und eine hohe Belastbarkeit und Alltagskompetenz unserer eigenen H\u00fcndinnen.<\/span><\/p>\n<p><span style=\"font-size: 14pt;\">Unsere Hunde leben mit uns im Haus und genie\u00dfen uneingeschr\u00e4nkt unseren 8000m\u00b2 gro\u00dfen Garten, der parallel zu den Spazierg\u00e4ngen in Wald und Flur ausreichend Platz zum Toben bietet. Unsere Hunde sind vollwertige Familienmitglieder, die alle Facetten des Zusammenlebens teilen. Sie kennen keine Zwinger und sind immer an unserer Seite bzw. um uns herum &#8211; hier ein kleiner Einblick in <a href=\"https:\/\/vuzk-cairn-terrier.com\/?page_id=49\">Unser Zusammenleben in Bildern<\/a> .<\/span><\/p>\n<p>&nbsp;<\/p>\n","protected":false},"excerpt":{"rendered":"<p>Cairn Terrier begleiten unsere Familie seit knapp 30 Jahren \u2013 mehr als ein Vierteljahrhundert, in dem der Wunsch \u00fcber die Jahre kontinuierlich wuchs, diese einmalige Rasse selbst einmal in ihren besten Eigenschaften zu z\u00fcchten, um f\u00fcr den gesunden und typvollen Fortbestand der Rasse aktiv mit einzustehen. Im Jahr 1995 zog mit Belmondo unser erster Cairn [&hellip;]<\/p>\n","protected":false},"author":1,"featured_media":0,"parent":30,"menu_order":1,"comment_status":"closed","ping_status":"closed","template":"page-full-width.php","meta":{"footnotes":""},"class_list":["post-45","page","type-page","status-publish","hentry"],"_links":{"self":[{"href":"https:\/\/vuzk-cairn-terrier.com\/index.php?rest_route=\/wp\/v2\/pages\/45","targetHints":{"allow":["GET"]}}],"collection":[{"href":"https:\/\/vuzk-cairn-terrier.com\/index.php?rest_route=\/wp\/v2\/pages"}],"about":[{"href":"https:\/\/vuzk-cairn-terrier.com\/index.php?rest_route=\/wp\/v2\/types\/page"}],"author":[{"embeddable":true,"href":"https:\/\/vuzk-cairn-terrier.com\/index.php?rest_route=\/wp\/v2\/users\/1"}],"replies":[{"embeddable":true,"href":"https:\/\/vuzk-cairn-terrier.com\/index.php?rest_route=%2Fwp%2Fv2%2Fcomments&post=45"}],"version-history":[{"count":23,"href":"https:\/\/vuzk-cairn-terrier.com\/index.php?rest_route=\/wp\/v2\/pages\/45\/revisions"}],"predecessor-version":[{"id":1903,"href":"https:\/\/vuzk-cairn-terrier.com\/index.php?rest_route=\/wp\/v2\/pages\/45\/revisions\/1903"}],"up":[{"embeddable":true,"href":"https:\/\/vuzk-cairn-terrier.com\/index.php?rest_route=\/wp\/v2\/pages\/30"}],"wp:attachment":[{"href":"https:\/\/vuzk-cairn-terrier.com\/index.php?rest_route=%2Fwp%2Fv2%2Fmedia&parent=45"}],"curies":[{"name":"wp","href":"https:\/\/api.w.org\/{rel}","templated":true}]}}