{"id":47,"date":"2020-01-09T21:46:03","date_gmt":"2020-01-09T21:46:03","guid":{"rendered":"http:\/\/vuzk-cairn-terrier.com\/?page_id=47"},"modified":"2025-11-02T16:32:29","modified_gmt":"2025-11-02T16:32:29","slug":"zuchtziele","status":"publish","type":"page","link":"https:\/\/vuzk-cairn-terrier.com\/?page_id=47","title":{"rendered":"Zuchtziele"},"content":{"rendered":"<p><span style=\"font-size: 18pt;\"><strong>Gesundheit<\/strong><\/span><\/p>\n<p><span style=\"font-size: 12pt;\"><b><\/b><u><\/u><span style=\"font-size: 14pt;\">\u00dcber allem steht die Gesundheit als oberstes Ziel &#8211; aus unserer Sicht ist dies eine Selbstverst\u00e4ndlichkeit, die jedoch vor dem Hintergrund der fortw\u00e4hrenden Debatten um die Rassehundezucht und die dort teilweise stattfindenden Fehlentwicklungen in einigen Rassen, betont werden muss.<\/span><\/span><\/p>\n<p><span style=\"font-size: 14pt;\">Der Cairn Terrier ist gl\u00fccklicherweise zu keinem Zeitpunkt als Modehund in Erscheinung getreten und wir w\u00fcnschen uns zum Wohl der Rasse, das dieses auch so bleibt. Die Gesundheit der Rasse ist im Allgemeinen eine Robuste, die es zu festigen gilt. Wir werden unser Bestes daf\u00fcr tun.<\/span><\/p>\n<p>&nbsp;<\/p>\n<p><span style=\"font-size: 18pt;\"><strong>Wesen<\/strong><\/span><\/p>\n<p><span style=\"font-size: 12pt;\"><u><\/u><span style=\"font-size: 14pt;\">Kernig aufgeschlossen-lustige und unkomplizierte Begleiter, die unerschrocken, aber nicht tollk\u00fchn durchs Leben gehen und durch ihr gro\u00dfes K\u00e4mpferherz auf kurzen Beinen im Positiven zu beeindrucken wissen, ohne dabei Gr\u00f6\u00dfenwahnsinn zu entwickeln, sind das erkl\u00e4rte Ziel f\u00fcr einen unkomplizierten Begleiter in allen Lebenslagen.<\/span><\/span><\/p>\n<p><span style=\"font-size: 14pt;\">Unsere H\u00fcndinnen bringen diese Attribute mit. Sie wurden als Welpen perfekt durch ihre Z\u00fcchter gepr\u00e4gt, durch uns fortw\u00e4hrend mit neuen Reizen und Anforderungen vertraut gemacht, um uns in allen Lebensbereichen sicher und wohlerzogen, als komplettes Rudel, begleiten zu k\u00f6nnen. Ob im Restaurant, im Hotel auf Reisen oder auch beim Stadtbummel \u2013 kleine, gut erzogene Hunde kommen immer gut an \u2013 im, und in der Regel auch durch das Leben.<\/span><\/p>\n<p><span style=\"font-size: 14pt;\">Bei der Auswahl der potenziellen R\u00fcden sind die Wesensmerkmale ebenso unerl\u00e4sslich f\u00fcr den Gesamteindruck, wie das \u00e4u\u00dfere Erscheinungsbild.<\/span><\/p>\n<p>&nbsp;<\/p>\n<p><span style=\"font-size: 18pt;\"><strong>Exterieur<\/strong><\/span><\/p>\n<p><span style=\"font-size: 14pt;\">Flie\u00dfende Linien, ein raumgreifendes Gangwerk und ein der Rasse entsprechender Ausdruck mit ansprechenden Proportionen im Sinn des Rassestandards.<\/span><\/p>\n<p><span style=\"font-size: 14pt;\">Alles in allem sind wir bem\u00fcht, optisch und charakterlich ansprechende und typvolle Welpen in die Welt zu entlassen, die in ihren neuen Familien schlichtweg begeistern \u2013 und hierbei z\u00e4hlen eine robuste Gesundheit ebenso wie die \u00c4u\u00dferen und die inneren Werte gleicherma\u00dfen \u2013 Kernig muss es eben sein.<\/span><\/p>\n<p>&nbsp;<\/p>\n","protected":false},"excerpt":{"rendered":"<p>Gesundheit \u00dcber allem steht die Gesundheit als oberstes Ziel &#8211; aus unserer Sicht ist dies eine Selbstverst\u00e4ndlichkeit, die jedoch vor dem Hintergrund der fortw\u00e4hrenden Debatten um die Rassehundezucht und die dort teilweise stattfindenden Fehlentwicklungen in einigen Rassen, betont werden muss. Der Cairn Terrier ist gl\u00fccklicherweise zu keinem Zeitpunkt als Modehund in Erscheinung getreten und wir [&hellip;]<\/p>\n","protected":false},"author":1,"featured_media":0,"parent":30,"menu_order":3,"comment_status":"closed","ping_status":"closed","template":"page-full-width.php","meta":{"footnotes":""},"class_list":["post-47","page","type-page","status-publish","hentry"],"_links":{"self":[{"href":"https:\/\/vuzk-cairn-terrier.com\/index.php?rest_route=\/wp\/v2\/pages\/47","targetHints":{"allow":["GET"]}}],"collection":[{"href":"https:\/\/vuzk-cairn-terrier.com\/index.php?rest_route=\/wp\/v2\/pages"}],"about":[{"href":"https:\/\/vuzk-cairn-terrier.com\/index.php?rest_route=\/wp\/v2\/types\/page"}],"author":[{"embeddable":true,"href":"https:\/\/vuzk-cairn-terrier.com\/index.php?rest_route=\/wp\/v2\/users\/1"}],"replies":[{"embeddable":true,"href":"https:\/\/vuzk-cairn-terrier.com\/index.php?rest_route=%2Fwp%2Fv2%2Fcomments&post=47"}],"version-history":[{"count":8,"href":"https:\/\/vuzk-cairn-terrier.com\/index.php?rest_route=\/wp\/v2\/pages\/47\/revisions"}],"predecessor-version":[{"id":607,"href":"https:\/\/vuzk-cairn-terrier.com\/index.php?rest_route=\/wp\/v2\/pages\/47\/revisions\/607"}],"up":[{"embeddable":true,"href":"https:\/\/vuzk-cairn-terrier.com\/index.php?rest_route=\/wp\/v2\/pages\/30"}],"wp:attachment":[{"href":"https:\/\/vuzk-cairn-terrier.com\/index.php?rest_route=%2Fwp%2Fv2%2Fmedia&parent=47"}],"curies":[{"name":"wp","href":"https:\/\/api.w.org\/{rel}","templated":true}]}}